{"id":155,"date":"2019-02-18T22:14:27","date_gmt":"2019-02-18T22:14:27","guid":{"rendered":"https:\/\/djk-fc-sesslach.de\/?page_id=155"},"modified":"2025-01-02T11:30:57","modified_gmt":"2025-01-02T10:30:57","slug":"abteilungen","status":"publish","type":"page","link":"https:\/\/djk-fc-sesslach.de\/index.php\/abteilungen\/","title":{"rendered":"ABTEILUNGEN"},"content":{"rendered":"<p><span style=\"font-family: 'andale mono', monospace;\"><img loading=\"lazy\" decoding=\"async\" class=\"size-medium wp-image-156 aligncenter\" src=\"https:\/\/djk-fc-sesslach.de\/wp-content\/uploads\/2019\/02\/djk_sesslach_wappen-300x300.jpg\" alt=\"\" width=\"300\" height=\"300\" srcset=\"https:\/\/djk-fc-sesslach.de\/wp-content\/uploads\/2019\/02\/djk_sesslach_wappen-300x300.jpg 300w, https:\/\/djk-fc-sesslach.de\/wp-content\/uploads\/2019\/02\/djk_sesslach_wappen-150x150.jpg 150w, https:\/\/djk-fc-sesslach.de\/wp-content\/uploads\/2019\/02\/djk_sesslach_wappen.jpg 720w\" sizes=\"auto, (max-width: 300px) 100vw, 300px\" \/><\/span><\/p>\n<p style=\"text-align: center;\"><span style=\"font-family: arial, helvetica, sans-serif; font-size: 20px;\">Bei der DJK\/FC Se\u00dflach gibt es derzeit 5 Abteilungen:<\/span><\/p>\n<p style=\"text-align: center;\"><span style=\"color: #ff0000; font-family: arial, helvetica, sans-serif; font-size: 20px;\"><em><strong>Fu\u00dfballabteilung<\/strong><\/em><\/span><\/p>\n<p style=\"text-align: center;\"><span style=\"font-family: arial, helvetica, sans-serif; font-size: 20px;\">mit<\/span><\/p>\n<p style=\"text-align: center;\"><span style=\"font-family: arial, helvetica, sans-serif; font-size: 20px;\">1. und 2. Fu\u00dfballmannschaft<\/span><\/p>\n<p style=\"text-align: center;\"><span style=\"font-family: arial, helvetica, sans-serif; font-size: 20px;\">Alten Herren<\/span><\/p>\n<p style=\"text-align: center;\"><span style=\"font-family: arial, helvetica, sans-serif; font-size: 20px;\">Juniorenfu\u00dfball<\/span><\/p>\n<p>&nbsp;<\/p>\n<p style=\"text-align: center;\"><strong><span style=\"color: #ff0000;\"><em><span style=\"font-family: arial, helvetica, sans-serif; font-size: 20px;\">Abteilung M\u00e4dchenfu\u00dfball<\/span><\/em><\/span><\/strong><\/p>\n<p style=\"text-align: center;\"><span style=\"font-family: arial, helvetica, sans-serif; font-size: 20px;\">mit aktuell 3 Mannschaften<\/span><\/p>\n<p>&nbsp;<\/p>\n<p style=\"text-align: center;\"><span style=\"background-color: #ffffff; color: #ff0000; font-family: arial, helvetica, sans-serif; font-size: 20px;\"><strong><em>Tischtennisabteilung<\/em><\/strong><\/span><\/p>\n<p style=\"text-align: center;\"><span style=\"font-family: arial, helvetica, sans-serif; font-size: 20px;\">mit einer Herrenmannschaft\u00a0<\/span><\/p>\n<p>&nbsp;<\/p>\n<p style=\"text-align: center;\"><span style=\"color: #ff0000; font-family: arial, helvetica, sans-serif; font-size: 20px;\"><strong><em>Gymnastikabteilung<\/em><\/strong><\/span><\/p>\n<p style=\"text-align: center;\"><span style=\"font-family: arial, helvetica, sans-serif; font-size: 20px;\">mit<\/span><\/p>\n<p style=\"text-align: center;\"><span style=\"font-family: arial, helvetica, sans-serif; font-size: 20px;\">Damengymnastik und<\/span><\/p>\n<p style=\"text-align: center;\"><span style=\"font-family: arial, helvetica, sans-serif; font-size: 20px;\">\u00a0Seniorengymnastik (wird derzeit nicht angeboten)<\/span><\/p>\n<p>&nbsp;<\/p>\n<p style=\"text-align: center;\"><span style=\"color: #ff0000; font-family: arial, helvetica, sans-serif; font-size: 20px;\"><strong><em>Dartabteilung<\/em><\/strong><\/span><\/p>\n<p style=\"text-align: center;\"><span style=\"font-family: arial, helvetica, sans-serif;\"><span style=\"font-size: 20px;\">Spielbetrieb in der freien Dartliga Oberfranken mit 2 Teams<\/span><\/span><\/p>\n<p style=\"text-align: center;\">\n","protected":false},"excerpt":{"rendered":"<p>Bei der DJK\/FC Se\u00dflach gibt es derzeit 5 Abteilungen: Fu\u00dfballabteilung mit 1. und 2. Fu\u00dfballmannschaft Alten Herren Juniorenfu\u00dfball &nbsp; Abteilung M\u00e4dchenfu\u00dfball mit aktuell 3 Mannschaften &nbsp; Tischtennisabteilung mit einer Herrenmannschaft\u00a0 &nbsp; Gymnastikabteilung mit Damengymnastik und \u00a0Seniorengymnastik (wird derzeit nicht angeboten) &nbsp; Dartabteilung Spielbetrieb in der freien Dartliga Oberfranken mit 2 Teams<\/p>\n","protected":false},"author":1,"featured_media":0,"parent":0,"menu_order":0,"comment_status":"closed","ping_status":"closed","template":"","meta":{"footnotes":""},"class_list":["post-155","page","type-page","status-publish","hentry"],"acf":[],"_links":{"self":[{"href":"https:\/\/djk-fc-sesslach.de\/index.php\/wp-json\/wp\/v2\/pages\/155","targetHints":{"allow":["GET"]}}],"collection":[{"href":"https:\/\/djk-fc-sesslach.de\/index.php\/wp-json\/wp\/v2\/pages"}],"about":[{"href":"https:\/\/djk-fc-sesslach.de\/index.php\/wp-json\/wp\/v2\/types\/page"}],"author":[{"embeddable":true,"href":"https:\/\/djk-fc-sesslach.de\/index.php\/wp-json\/wp\/v2\/users\/1"}],"replies":[{"embeddable":true,"href":"https:\/\/djk-fc-sesslach.de\/index.php\/wp-json\/wp\/v2\/comments?post=155"}],"version-history":[{"count":8,"href":"https:\/\/djk-fc-sesslach.de\/index.php\/wp-json\/wp\/v2\/pages\/155\/revisions"}],"predecessor-version":[{"id":3949,"href":"https:\/\/djk-fc-sesslach.de\/index.php\/wp-json\/wp\/v2\/pages\/155\/revisions\/3949"}],"wp:attachment":[{"href":"https:\/\/djk-fc-sesslach.de\/index.php\/wp-json\/wp\/v2\/media?parent=155"}],"curies":[{"name":"wp","href":"https:\/\/api.w.org\/{rel}","templated":true}]}}