{"id":179,"date":"2019-02-19T08:18:18","date_gmt":"2019-02-19T08:18:18","guid":{"rendered":"https:\/\/djk-fc-sesslach.de\/?page_id=179"},"modified":"2025-11-07T09:13:20","modified_gmt":"2025-11-07T08:13:20","slug":"jugendfussball","status":"publish","type":"page","link":"https:\/\/djk-fc-sesslach.de\/index.php\/fussball\/jugendfussball\/","title":{"rendered":"JUGENDFUSSBALL"},"content":{"rendered":"<p style=\"text-align: center;\"><span style=\"text-decoration: underline; color: #ff0000;\"><span style=\"font-size: 24px;\">DJK\/FC Se\u00dflach &#8211; Jugendfu\u00dfballabteilung 2025\/2026<\/span><\/span><\/p>\n<p>Jugendabteilungsleiter: Stephan Leicht, Telefon: 0170\/8562723<\/p>\n<p><strong><span style=\"text-decoration: underline;\"><span style=\"color: #ff0000; text-decoration: underline;\">B-Jugend (SG Se\u00dflach, Rossach, Untermerzbach, Schottenstein):<\/span><\/span><\/strong><\/p>\n<p>Training: Dienstag (Se\u00dflach) und Donnerstag (Rossach) 17:30 Uhr<\/p>\n<p>Trainer: Jan Miller (0170\/8056543)<\/p>\n<p><strong><span style=\"text-decoration: underline;\"><span style=\"color: #ff0000; text-decoration: underline;\">D-Jugend:<\/span><\/span><\/strong><\/p>\n<p>Training: Dienstag (Heilgersdorf) und Donnerstag (Se\u00dflach) 17 Uhr<\/p>\n<p>Trainer: Christoph Kr\u00e4u\u00dflich (Tel.: 0176\/41721947)<\/p>\n<p><strong><span style=\"text-decoration: underline;\"><span style=\"color: #ff0000; text-decoration: underline;\">E-Jugend:<\/span><\/span><\/strong><\/p>\n<p>Training: Dienstag und Donnerstag 17 Uhr in Se\u00dflach<\/p>\n<p>Trainer: Johanna Fischer (Tel.: 0151\/20150293)<\/p>\n<p><span style=\"text-decoration: underline; color: #ff0000;\"><strong>F-Jugend:<\/strong><br \/>\n<\/span><\/p>\n<p>Training: Dienstag (Dietersdorf) und Donnerstag (Heilgersdorf) 17 Uhr<\/p>\n<p>Trainer: Frank Girschke (Tel.: 0171\/1273558)<\/p>\n","protected":false},"excerpt":{"rendered":"<p>DJK\/FC Se\u00dflach &#8211; Jugendfu\u00dfballabteilung 2025\/2026 Jugendabteilungsleiter: Stephan Leicht, Telefon: 0170\/8562723 B-Jugend (SG Se\u00dflach, Rossach, Untermerzbach, Schottenstein): Training: Dienstag (Se\u00dflach) und Donnerstag (Rossach) 17:30 Uhr Trainer: Jan Miller (0170\/8056543) D-Jugend: Training: Dienstag (Heilgersdorf) und Donnerstag (Se\u00dflach) 17 Uhr Trainer: Christoph Kr\u00e4u\u00dflich (Tel.: 0176\/41721947) E-Jugend: Training: Dienstag und Donnerstag 17 Uhr in Se\u00dflach Trainer: Johanna Fischer (Tel.: 0151\/20150293) F-Jugend: Training: Dienstag (Dietersdorf) und Donnerstag (Heilgersdorf) 17 Uhr Trainer: Frank Girschke (Tel.: 0171\/1273558)<\/p>\n","protected":false},"author":1,"featured_media":0,"parent":3703,"menu_order":0,"comment_status":"closed","ping_status":"closed","template":"","meta":{"footnotes":""},"class_list":["post-179","page","type-page","status-publish","hentry"],"acf":[],"_links":{"self":[{"href":"https:\/\/djk-fc-sesslach.de\/index.php\/wp-json\/wp\/v2\/pages\/179","targetHints":{"allow":["GET"]}}],"collection":[{"href":"https:\/\/djk-fc-sesslach.de\/index.php\/wp-json\/wp\/v2\/pages"}],"about":[{"href":"https:\/\/djk-fc-sesslach.de\/index.php\/wp-json\/wp\/v2\/types\/page"}],"author":[{"embeddable":true,"href":"https:\/\/djk-fc-sesslach.de\/index.php\/wp-json\/wp\/v2\/users\/1"}],"replies":[{"embeddable":true,"href":"https:\/\/djk-fc-sesslach.de\/index.php\/wp-json\/wp\/v2\/comments?post=179"}],"version-history":[{"count":41,"href":"https:\/\/djk-fc-sesslach.de\/index.php\/wp-json\/wp\/v2\/pages\/179\/revisions"}],"predecessor-version":[{"id":4203,"href":"https:\/\/djk-fc-sesslach.de\/index.php\/wp-json\/wp\/v2\/pages\/179\/revisions\/4203"}],"up":[{"embeddable":true,"href":"https:\/\/djk-fc-sesslach.de\/index.php\/wp-json\/wp\/v2\/pages\/3703"}],"wp:attachment":[{"href":"https:\/\/djk-fc-sesslach.de\/index.php\/wp-json\/wp\/v2\/media?parent=179"}],"curies":[{"name":"wp","href":"https:\/\/api.w.org\/{rel}","templated":true}]}}