{"id":1904,"date":"2020-05-01T13:05:32","date_gmt":"2020-05-01T12:05:32","guid":{"rendered":"https:\/\/djk-fc-sesslach.de\/?page_id=1904"},"modified":"2024-04-23T13:52:56","modified_gmt":"2024-04-23T12:52:56","slug":"djk-verband","status":"publish","type":"page","link":"https:\/\/djk-fc-sesslach.de\/index.php\/djk-verband\/","title":{"rendered":"DJK-Sportverband"},"content":{"rendered":"<h2 class=\"uk-article-title\" style=\"text-align: center;\"><span style=\"text-decoration: underline;\"><span style=\"color: #ff0000; text-decoration: underline;\">Der DJK-Sportverband<\/span><\/span><\/h2>\n<div>\n<p style=\"text-align: left;\">Der DJK-Sportverband ist der katholische Sportverband in Deutschland. Er ist ein christlich wertorientierter Sportverband unter katholischem Dach.<\/p>\n<p style=\"text-align: left;\">Sport verbindet. Im DJK-Sportverband kommen Menschen aller Kulturen zusammen und erleben gemeinsam Werte im Sport. Hier trainieren Sportler*innen mit und ohne Behinderung. Inklusion hei\u00dft f\u00fcr uns: \u00dcber den Sport alle Menschen am gesellschaftlichen Leben teilhaben zu lassen.<\/p>\n<p style=\"text-align: left;\">Worauf es uns wirklich ankommt sind nicht die Siege. Es sind die Menschen.<br \/>\nDas Mehr im Sport: Leistung finden wir gut, wenn sie fair und menschenw\u00fcrdig erbracht wird.<\/p>\n<p style=\"text-align: left;\">Hier der Link zur Verbandswebside: <a href=\"https:\/\/www.djk.de\/\"><span style=\"color: #0000ff;\">https:\/\/www.djk.de\/<\/span><\/a><\/p>\n<p style=\"text-align: left;\">F\u00fcr uns ist der Di\u00f6zesanverband Bamberg zust\u00e4ndig: <a href=\"https:\/\/djk-dioezesanverband.kirche-bamberg.de\/index.html\"><span style=\"color: #0000ff;\">https:\/\/djk-dioezesanverband.kirche-bamberg.de\/index.html<\/span><\/a><\/p>\n<\/div>\n<p>&nbsp;<\/p>\n<p>&nbsp;<\/p>\n","protected":false},"excerpt":{"rendered":"<p>Der DJK-Sportverband Der DJK-Sportverband ist der katholische Sportverband in Deutschland. Er ist ein christlich wertorientierter Sportverband unter katholischem Dach. Sport verbindet. Im DJK-Sportverband kommen Menschen aller Kulturen zusammen und erleben gemeinsam Werte im Sport. Hier trainieren Sportler*innen mit und ohne Behinderung. Inklusion hei\u00dft f\u00fcr uns: \u00dcber den Sport alle Menschen am gesellschaftlichen Leben teilhaben zu lassen. Worauf es uns wirklich ankommt sind nicht die Siege. Es sind die Menschen. Das Mehr im Sport: Leistung finden wir gut, wenn sie fair und menschenw\u00fcrdig erbracht wird. Hier der Link zur Verbandswebside: https:\/\/www.djk.de\/ F\u00fcr uns ist der Di\u00f6zesanverband Bamberg zust\u00e4ndig: https:\/\/djk-dioezesanverband.kirche-bamberg.de\/index.html &nbsp; &nbsp;<\/p>\n","protected":false},"author":2,"featured_media":0,"parent":0,"menu_order":0,"comment_status":"closed","ping_status":"closed","template":"","meta":{"footnotes":""},"class_list":["post-1904","page","type-page","status-publish","hentry"],"acf":[],"_links":{"self":[{"href":"https:\/\/djk-fc-sesslach.de\/index.php\/wp-json\/wp\/v2\/pages\/1904","targetHints":{"allow":["GET"]}}],"collection":[{"href":"https:\/\/djk-fc-sesslach.de\/index.php\/wp-json\/wp\/v2\/pages"}],"about":[{"href":"https:\/\/djk-fc-sesslach.de\/index.php\/wp-json\/wp\/v2\/types\/page"}],"author":[{"embeddable":true,"href":"https:\/\/djk-fc-sesslach.de\/index.php\/wp-json\/wp\/v2\/users\/2"}],"replies":[{"embeddable":true,"href":"https:\/\/djk-fc-sesslach.de\/index.php\/wp-json\/wp\/v2\/comments?post=1904"}],"version-history":[{"count":13,"href":"https:\/\/djk-fc-sesslach.de\/index.php\/wp-json\/wp\/v2\/pages\/1904\/revisions"}],"predecessor-version":[{"id":3729,"href":"https:\/\/djk-fc-sesslach.de\/index.php\/wp-json\/wp\/v2\/pages\/1904\/revisions\/3729"}],"wp:attachment":[{"href":"https:\/\/djk-fc-sesslach.de\/index.php\/wp-json\/wp\/v2\/media?parent=1904"}],"curies":[{"name":"wp","href":"https:\/\/api.w.org\/{rel}","templated":true}]}}