{"id":3242,"date":"2022-09-30T11:30:47","date_gmt":"2022-09-30T10:30:47","guid":{"rendered":"https:\/\/djk-fc-sesslach.de\/?page_id=3242"},"modified":"2025-11-07T10:16:38","modified_gmt":"2025-11-07T09:16:38","slug":"spielplaene","status":"publish","type":"page","link":"https:\/\/djk-fc-sesslach.de\/index.php\/spielplaene\/","title":{"rendered":"Spielpl\u00e4ne"},"content":{"rendered":"<h2><em><span style=\"text-decoration: underline;\">Fu\u00dfballabteilung<\/span><\/em><\/h2>\n<p><a href=\"https:\/\/www.bfv.de\/mannschaften\/djk-fc-sesslach\/016PCOPB6O000000VV0AG80NVV8OQVTB\">1. Fu\u00dfballmannschaft<\/a><\/p>\n<p><a href=\"https:\/\/www.bfv.de\/mannschaften\/djk-fc-sesslach-2\/01HAC6DT24000000VV0AG811VU6HO2AK\">2. Fu\u00dfballmannschaft (9er)<\/a><\/p>\n<p><a href=\"https:\/\/www.bfv.de\/mannschaften\/sg-djk-fc-sesslach\/02TMKQAD9O000000VS5489BSVTNMVP4D\">B-Jugend<\/a><\/p>\n<p><a href=\"https:\/\/www.bfv.de\/mannschaften\/sg-sv-heilgersdorf\/02TMUB9D5O000000VS5489BRVSS9M1SM\">C-Jugend<\/a><\/p>\n<p><a href=\"https:\/\/www.bfv.de\/mannschaften\/sg-djk-fc-sesslach\/02TF6S7BGO000000VS5489BRVU522QNF\">D-Jugend<\/a><\/p>\n<p><a href=\"https:\/\/www.bfv.de\/mannschaften\/sg-djk-fc-sesslach-i\/02MEB5BRP4000000VS5489B1VVUB28TP\">E1-Jugend<\/a><\/p>\n<p><a href=\"https:\/\/www.bfv.de\/mannschaften\/sg-djk-fc-sesslach-ii\/02Q0IVNG9C000000VS5489B1VTF0A3SN\">E2-Jugend<\/a><\/p>\n<p><a href=\"https:\/\/www.bfv.de\/mannschaften\/sg-sv-heilgersdorf-i\/02TMUEDMVC000000VS5489BRVSS9M1SM\">F1-Jugend<\/a><\/p>\n<p><a href=\"https:\/\/www.bfv.de\/mannschaften\/sg-sv-heilgersdorf-ii\/02TO2283OG000000VS5489BRVSS9M1SM\">F2-Jugend<\/a><\/p>\n<p><span style=\"text-decoration: underline; color: #0000ff;\">Alte Herren:<\/span><\/p>\n<h2><em><span style=\"text-decoration: underline;\">Abteilung M\u00e4dchenfu\u00dfball<\/span><\/em><\/h2>\n<p><a href=\"https:\/\/www.bfv.de\/mannschaften\/djk-fc-1922-sesslach\/02Q0KD5VBG000000VS5489B2VTB2M2VN\">C-Juniorinnen<\/a><\/p>\n<p><a href=\"https:\/\/www.bfv.de\/mannschaften\/djk-fc-1922-sesslach\/02MEJG2II0000000VS5489B2VSMMET75\">D-Juniorinnen 1<\/a><\/p>\n<p><a href=\"https:\/\/www.bfv.de\/mannschaften\/djk-fc-1922-sesslach-2\/02THUF6H6S000000VS5489BRVTS0PAOT\">D-Juniorinnen 2<\/a><\/p>\n<h2><\/h2>\n<h2><span style=\"text-decoration: underline;\"><em>Tischtennisabteilung<\/em><\/span><\/h2>\n<p><a href=\"https:\/\/www.mytischtennis.de\/click-tt\/ByTTV\/25--26\/ligen\/Bezirksklasse_D_Gruppe_2_Coburg_S%C3%BCd\/gruppe\/491871\/mannschaft\/2949686\/DJK--FC_1922_Se%C3%9Flach\/spielerbilanzen\/gesamt\">Herrenmannschaft<\/a><\/p>\n<h2><span style=\"text-decoration: underline;\"><em>Dartabteilung<\/em><\/span><\/h2>\n<p><a href=\"https:\/\/2k-dart-software.com\/frontend\/events\/5\/event\/15991\/table\">1. Mannschaft<\/a><\/p>\n<p><a href=\"https:\/\/2k-dart-software.com\/frontend\/events\/5\/event\/15994\/table\">2. Mannschaft <\/a><\/p>\n","protected":false},"excerpt":{"rendered":"<p>Fu\u00dfballabteilung 1. Fu\u00dfballmannschaft 2. Fu\u00dfballmannschaft (9er) B-Jugend C-Jugend D-Jugend E1-Jugend E2-Jugend F1-Jugend F2-Jugend Alte Herren: Abteilung M\u00e4dchenfu\u00dfball C-Juniorinnen D-Juniorinnen 1 D-Juniorinnen 2 Tischtennisabteilung Herrenmannschaft Dartabteilung 1. Mannschaft 2. Mannschaft<\/p>\n","protected":false},"author":2,"featured_media":0,"parent":0,"menu_order":0,"comment_status":"closed","ping_status":"closed","template":"","meta":{"footnotes":""},"class_list":["post-3242","page","type-page","status-publish","hentry"],"acf":[],"_links":{"self":[{"href":"https:\/\/djk-fc-sesslach.de\/index.php\/wp-json\/wp\/v2\/pages\/3242","targetHints":{"allow":["GET"]}}],"collection":[{"href":"https:\/\/djk-fc-sesslach.de\/index.php\/wp-json\/wp\/v2\/pages"}],"about":[{"href":"https:\/\/djk-fc-sesslach.de\/index.php\/wp-json\/wp\/v2\/types\/page"}],"author":[{"embeddable":true,"href":"https:\/\/djk-fc-sesslach.de\/index.php\/wp-json\/wp\/v2\/users\/2"}],"replies":[{"embeddable":true,"href":"https:\/\/djk-fc-sesslach.de\/index.php\/wp-json\/wp\/v2\/comments?post=3242"}],"version-history":[{"count":24,"href":"https:\/\/djk-fc-sesslach.de\/index.php\/wp-json\/wp\/v2\/pages\/3242\/revisions"}],"predecessor-version":[{"id":4212,"href":"https:\/\/djk-fc-sesslach.de\/index.php\/wp-json\/wp\/v2\/pages\/3242\/revisions\/4212"}],"wp:attachment":[{"href":"https:\/\/djk-fc-sesslach.de\/index.php\/wp-json\/wp\/v2\/media?parent=3242"}],"curies":[{"name":"wp","href":"https:\/\/api.w.org\/{rel}","templated":true}]}}