{"id":3808,"date":"2024-05-24T07:04:24","date_gmt":"2024-05-24T06:04:24","guid":{"rendered":"https:\/\/djk-fc-sesslach.de\/?page_id=3808"},"modified":"2025-11-07T10:22:44","modified_gmt":"2025-11-07T09:22:44","slug":"gruendung-maedchenfussball","status":"publish","type":"page","link":"https:\/\/djk-fc-sesslach.de\/index.php\/gruendung-maedchenfussball\/","title":{"rendered":"Gr\u00fcndung Abt. &#8222;M\u00e4dchenfu\u00dfball&#8220;"},"content":{"rendered":"<header class=\"post-header\">\n<h2 class=\"post-title\"><a href=\"https:\/\/djk-fc-sesslach.de\/index.php\/2024\/04\/17\/gruendung-der-abteilung-maedchenfussball\/\">GR\u00dcNDUNG DER ABTEILUNG \u201eM\u00c4DCHENFUSSBALL&#8220;<\/a><\/h2>\n<div class=\"border-divider\"><\/div>\n<\/header>\n<div class=\"post-content\">\n<div class=\"x11i5rnm xat24cr x1mh8g0r x1vvkbs xtlvy1s x126k92a\">\n<div dir=\"auto\"><strong>Nachdem wir seit etwa einem Jahr M\u00e4dchenfu\u00dfball anbieten<\/strong>\u00a0wurde bei der Jahreshauptversammlung am 12.04.24 nun auch offiziell eine separate Abteilung daf\u00fcr gegr\u00fcndet.<\/div>\n<div dir=\"auto\">.<\/div>\n<div dir=\"auto\">Abteilungsleiter:\u00a0<strong>Daniel M\u00fcller<\/strong><\/div>\n<div dir=\"auto\">Stellv. Abteilungsleiterin:<strong>\u00a0Christine M\u00fcller<\/strong><\/div>\n<div dir=\"auto\"><img loading=\"lazy\" decoding=\"async\" class=\"alignnone size-medium wp-image-3694\" src=\"https:\/\/djk-fc-sesslach.de\/wp-content\/uploads\/2024\/04\/Mueller-240x300.jpg\" alt=\"\" width=\"240\" height=\"300\" srcset=\"https:\/\/djk-fc-sesslach.de\/wp-content\/uploads\/2024\/04\/Mueller-240x300.jpg 240w, https:\/\/djk-fc-sesslach.de\/wp-content\/uploads\/2024\/04\/Mueller.jpg 720w\" sizes=\"auto, (max-width: 240px) 100vw, 240px\" \/><\/p>\n<div dir=\"auto\">\n<div dir=\"auto\"><\/div>\n<div dir=\"auto\"><\/div>\n<\/div>\n<div dir=\"auto\"><\/div>\n<\/div>\n<\/div>\n<\/div>\n","protected":false},"excerpt":{"rendered":"<p>GR\u00dcNDUNG DER ABTEILUNG \u201eM\u00c4DCHENFUSSBALL&#8220; Nachdem wir seit etwa einem Jahr M\u00e4dchenfu\u00dfball anbieten\u00a0wurde bei der Jahreshauptversammlung am 12.04.24 nun auch offiziell eine separate Abteilung daf\u00fcr gegr\u00fcndet. . Abteilungsleiter:\u00a0Daniel M\u00fcller Stellv. Abteilungsleiterin:\u00a0Christine M\u00fcller<\/p>\n","protected":false},"author":1,"featured_media":0,"parent":0,"menu_order":0,"comment_status":"closed","ping_status":"closed","template":"","meta":{"footnotes":""},"class_list":["post-3808","page","type-page","status-publish","hentry"],"acf":[],"_links":{"self":[{"href":"https:\/\/djk-fc-sesslach.de\/index.php\/wp-json\/wp\/v2\/pages\/3808","targetHints":{"allow":["GET"]}}],"collection":[{"href":"https:\/\/djk-fc-sesslach.de\/index.php\/wp-json\/wp\/v2\/pages"}],"about":[{"href":"https:\/\/djk-fc-sesslach.de\/index.php\/wp-json\/wp\/v2\/types\/page"}],"author":[{"embeddable":true,"href":"https:\/\/djk-fc-sesslach.de\/index.php\/wp-json\/wp\/v2\/users\/1"}],"replies":[{"embeddable":true,"href":"https:\/\/djk-fc-sesslach.de\/index.php\/wp-json\/wp\/v2\/comments?post=3808"}],"version-history":[{"count":3,"href":"https:\/\/djk-fc-sesslach.de\/index.php\/wp-json\/wp\/v2\/pages\/3808\/revisions"}],"predecessor-version":[{"id":4218,"href":"https:\/\/djk-fc-sesslach.de\/index.php\/wp-json\/wp\/v2\/pages\/3808\/revisions\/4218"}],"wp:attachment":[{"href":"https:\/\/djk-fc-sesslach.de\/index.php\/wp-json\/wp\/v2\/media?parent=3808"}],"curies":[{"name":"wp","href":"https:\/\/api.w.org\/{rel}","templated":true}]}}