{"id":46,"date":"2019-02-14T19:16:23","date_gmt":"2019-02-14T19:16:23","guid":{"rendered":"https:\/\/djk-fc-sesslach.de\/index.php\/impressum\/"},"modified":"2019-05-21T15:37:07","modified_gmt":"2019-05-21T15:37:07","slug":"impressum","status":"publish","type":"page","link":"https:\/\/djk-fc-sesslach.de\/index.php\/impressum\/","title":{"rendered":"Impressum \/ Kontakt"},"content":{"rendered":"<p>Inhaber des Unternehmens: <br \/>Bahnhofstr 152<\/p>\n<p>Deutschland<br \/>Email: <a href=\"mailto:djk-fc-sesslach@freenet.de\">djk-fc-sesslach@freenet.de<\/a><br \/>Telefon: 09569\/1300 (Sportheim)<br \/>Gerichtsstand: Coburg<\/p>\n<p>Verantwortlich f\u00fcr den Inhalt: Wolfgang R\u00f6\u00dfner<\/p>\n\n","protected":false},"excerpt":{"rendered":"","protected":false},"author":1,"featured_media":0,"parent":0,"menu_order":0,"comment_status":"closed","ping_status":"closed","template":"","meta":{"footnotes":""},"class_list":["post-46","page","type-page","status-publish","hentry"],"acf":[],"_links":{"self":[{"href":"https:\/\/djk-fc-sesslach.de\/index.php\/wp-json\/wp\/v2\/pages\/46","targetHints":{"allow":["GET"]}}],"collection":[{"href":"https:\/\/djk-fc-sesslach.de\/index.php\/wp-json\/wp\/v2\/pages"}],"about":[{"href":"https:\/\/djk-fc-sesslach.de\/index.php\/wp-json\/wp\/v2\/types\/page"}],"author":[{"embeddable":true,"href":"https:\/\/djk-fc-sesslach.de\/index.php\/wp-json\/wp\/v2\/users\/1"}],"replies":[{"embeddable":true,"href":"https:\/\/djk-fc-sesslach.de\/index.php\/wp-json\/wp\/v2\/comments?post=46"}],"version-history":[{"count":1,"href":"https:\/\/djk-fc-sesslach.de\/index.php\/wp-json\/wp\/v2\/pages\/46\/revisions"}],"predecessor-version":[{"id":1085,"href":"https:\/\/djk-fc-sesslach.de\/index.php\/wp-json\/wp\/v2\/pages\/46\/revisions\/1085"}],"wp:attachment":[{"href":"https:\/\/djk-fc-sesslach.de\/index.php\/wp-json\/wp\/v2\/media?parent=46"}],"curies":[{"name":"wp","href":"https:\/\/api.w.org\/{rel}","templated":true}]}}