{"id":77,"date":"2019-02-14T20:54:09","date_gmt":"2019-02-14T20:54:09","guid":{"rendered":"https:\/\/djk-fc-sesslach.de\/?page_id=77"},"modified":"2025-04-23T06:27:27","modified_gmt":"2025-04-23T05:27:27","slug":"vorstand","status":"publish","type":"page","link":"https:\/\/djk-fc-sesslach.de\/index.php\/vorstand\/","title":{"rendered":"Vorstand"},"content":{"rendered":"<h2><img loading=\"lazy\" decoding=\"async\" class=\"alignleft\" src=\"https:\/\/djk-fc-sesslach.de\/wp-content\/uploads\/2019\/03\/Passbild0002-232x300.jpg\" alt=\"\" width=\"153\" height=\"198\" \/>Vorstand f\u00fcr Finanzen und Verwaltung<\/h2>\n<p style=\"padding-left: 40px;\">Wolfgang R\u00f6\u00dfner<\/p>\n<p style=\"padding-left: 40px;\">Karl-Franz-Str. 11 in 96145 Se\u00dflach<\/p>\n<p>Kontakt:<br \/>\nTelefon: 09569\/1576 oder 0160\/94404131<br \/>\nFax: 09569\/1576<br \/>\nE-Mail: <a href=\"mailto:djk-fc-sesslach@freenet.de\">djk-fc-sesslach@freenet.de<\/a><\/p>\n<h2><img loading=\"lazy\" decoding=\"async\" class=\"alignleft\" src=\"https:\/\/djk-fc-sesslach.de\/wp-content\/uploads\/2021\/10\/FranziSchaller-254x300.jpg\" alt=\"\" width=\"155\" height=\"183\" \/>Vorstand f\u00fcr \u00d6ffentlichkeitsarbeit und Medien<\/h2>\n<p>Franziska Schaller<\/p>\n<p>Rathausplatz 1 in 96237 Ebersdorf bei Coburg<\/p>\n<p>Kontakt:<br \/>\nTelefon: 0174\/6153147<br \/>\nE-Mail: <a href=\"mailto:franziskaschaller@gmx.de\">franziskaschaller@gmx.de\u00a0<\/a><\/p>\n<h2><img loading=\"lazy\" decoding=\"async\" class=\"wp-image-3169 alignleft\" src=\"https:\/\/djk-fc-sesslach.de\/wp-content\/uploads\/2022\/09\/Godau-Nick-225x300.jpg\" alt=\"\" width=\"157\" height=\"209\" srcset=\"https:\/\/djk-fc-sesslach.de\/wp-content\/uploads\/2022\/09\/Godau-Nick-225x300.jpg 225w, https:\/\/djk-fc-sesslach.de\/wp-content\/uploads\/2022\/09\/Godau-Nick-768x1024.jpg 768w, https:\/\/djk-fc-sesslach.de\/wp-content\/uploads\/2022\/09\/Godau-Nick-1152x1536.jpg 1152w, https:\/\/djk-fc-sesslach.de\/wp-content\/uploads\/2022\/09\/Godau-Nick-1536x2048.jpg 1536w, https:\/\/djk-fc-sesslach.de\/wp-content\/uploads\/2022\/09\/Godau-Nick-1160x1547.jpg 1160w, https:\/\/djk-fc-sesslach.de\/wp-content\/uploads\/2022\/09\/Godau-Nick-scaled.jpg 1920w\" sizes=\"auto, (max-width: 157px) 100vw, 157px\" \/> Vorstand f\u00fcr Bewirtung und Sportgel\u00e4nde<\/h2>\n<p>Nick Godau<\/p>\n<p>Erlengrund 1 in 96479 Weitramsdorf<\/p>\n<p>Kontakt:<br \/>\nTelefon: 0175\/2864801<br \/>\nE-Mail: nickgodau@web.de<\/p>\n<h2><img loading=\"lazy\" decoding=\"async\" class=\"alignleft\" src=\"https:\/\/djk-fc-sesslach.de\/wp-content\/uploads\/2022\/06\/DSC_0562-114d5b9f-208x300.jpg\" alt=\"\" width=\"156\" height=\"225\" \/> Jugendabteilungsleiter<\/h2>\n<p>Stephan Leicht<\/p>\n<p>Am Br\u00fcnnlein 29 in 96145 Se\u00dflach<\/p>\n<p>Kontakt:<br \/>\nTelefon: 0170\/8562723<br \/>\nE-Mail: <a href=\"leicht.stephan@allianz.de\">leicht.stephan@allianz.de<\/a><\/p>\n<h2><img loading=\"lazy\" decoding=\"async\" class=\"wp-image-3176 alignleft\" src=\"https:\/\/djk-fc-sesslach.de\/wp-content\/uploads\/2022\/09\/helmstaet.png\" alt=\"\" width=\"154\" height=\"205\" \/>Schriftf\u00fchrer<\/h2>\n<p>Klaus Heimst\u00e4dt<\/p>\n<p>Poststra\u00dfe 12 in 96145 Se\u00dflach<\/p>\n<p>Kontakt:<br \/>\nTelefon: 0160\/8468547<br \/>\nE-Mail: <a href=\"mailto:Klaus.heimstaedt@freenet.de\">Klaus.heimstaedt@freenet.de<\/a><\/p>\n<h2>Geistlicher Beirat<\/h2>\n<p>Pfarrvikar Vijaya Boddu<\/p>\n<p>Pfarrgasse 111 in 961145 Se\u00dflach<\/p>\n<p>Kontakt: 09569\/216<\/p>\n","protected":false},"excerpt":{"rendered":"<p>Vorstand f\u00fcr Finanzen und Verwaltung Wolfgang R\u00f6\u00dfner Karl-Franz-Str. 11 in 96145 Se\u00dflach Kontakt: Telefon: 09569\/1576 oder 0160\/94404131 Fax: 09569\/1576 E-Mail: djk-fc-sesslach@freenet.de Vorstand f\u00fcr \u00d6ffentlichkeitsarbeit und Medien Franziska Schaller Rathausplatz 1 in 96237 Ebersdorf bei Coburg Kontakt: Telefon: 0174\/6153147 E-Mail: franziskaschaller@gmx.de\u00a0 Vorstand f\u00fcr Bewirtung und Sportgel\u00e4nde Nick Godau Erlengrund 1 in 96479 Weitramsdorf Kontakt: Telefon: 0175\/2864801 E-Mail: nickgodau@web.de Jugendabteilungsleiter Stephan Leicht Am Br\u00fcnnlein 29 in 96145 Se\u00dflach Kontakt: Telefon: 0170\/8562723 E-Mail: leicht.stephan@allianz.de Schriftf\u00fchrer Klaus Heimst\u00e4dt Poststra\u00dfe 12 in 96145 Se\u00dflach Kontakt: Telefon: 0160\/8468547 E-Mail: Klaus.heimstaedt@freenet.de Geistlicher Beirat Pfarrvikar Vijaya Boddu Pfarrgasse 111 in 961145 Se\u00dflach Kontakt: 09569\/216<\/p>\n","protected":false},"author":1,"featured_media":0,"parent":0,"menu_order":0,"comment_status":"closed","ping_status":"closed","template":"","meta":{"footnotes":""},"class_list":["post-77","page","type-page","status-publish","hentry"],"acf":[],"_links":{"self":[{"href":"https:\/\/djk-fc-sesslach.de\/index.php\/wp-json\/wp\/v2\/pages\/77","targetHints":{"allow":["GET"]}}],"collection":[{"href":"https:\/\/djk-fc-sesslach.de\/index.php\/wp-json\/wp\/v2\/pages"}],"about":[{"href":"https:\/\/djk-fc-sesslach.de\/index.php\/wp-json\/wp\/v2\/types\/page"}],"author":[{"embeddable":true,"href":"https:\/\/djk-fc-sesslach.de\/index.php\/wp-json\/wp\/v2\/users\/1"}],"replies":[{"embeddable":true,"href":"https:\/\/djk-fc-sesslach.de\/index.php\/wp-json\/wp\/v2\/comments?post=77"}],"version-history":[{"count":40,"href":"https:\/\/djk-fc-sesslach.de\/index.php\/wp-json\/wp\/v2\/pages\/77\/revisions"}],"predecessor-version":[{"id":4037,"href":"https:\/\/djk-fc-sesslach.de\/index.php\/wp-json\/wp\/v2\/pages\/77\/revisions\/4037"}],"wp:attachment":[{"href":"https:\/\/djk-fc-sesslach.de\/index.php\/wp-json\/wp\/v2\/media?parent=77"}],"curies":[{"name":"wp","href":"https:\/\/api.w.org\/{rel}","templated":true}]}}